
{"id":5,"date":"2015-06-18T09:04:32","date_gmt":"2015-06-18T09:04:32","guid":{"rendered":"http:\/\/transparencia.ayto-colmenarejo.org\/?page_id=5"},"modified":"2018-09-19T10:17:27","modified_gmt":"2018-09-19T10:17:27","slug":"home","status":"publish","type":"page","link":"http:\/\/transparencia.ayto-colmenarejo.org\/","title":{"rendered":"home"},"content":{"rendered":"<div class=\"fusion-fullwidth fullwidth-box fusion-fullwidth-1  fusion-parallax-none hundred-percent-fullwidth\" style=\"border-color:#eae9e9;border-bottom-width: 0px;border-top-width: 0px;border-bottom-style: solid;border-top-style: solid;padding-bottom:20px;padding-top:20px;padding-left:0px;padding-right:0px;background-color:#ffffff;\"><style type=\"text\/css\" scoped=\"scoped\">.fusion-fullwidth-1 {\n                            padding-left: 0px !important;\n                            padding-right: 0px !important;\n                        }<\/style><div class=\"fusion-row\"><\/div><\/div><div class=\"fusion-fullwidth fullwidth-box fusion-fullwidth-2  fusion-parallax-fixed nonhundred-percent-fullwidth\" style=\"border-color:#e5e4e4;border-bottom-width: 0px;border-top-width: 0px;border-bottom-style: solid;border-top-style: solid;padding-bottom:0px;padding-top:0px;padding-left:0px;padding-right:0px;background-color:#ffffff;\"><style type=\"text\/css\" scoped=\"scoped\">.fusion-fullwidth-2 {\n                            padding-left: 0px !important;\n                            padding-right: 0px !important;\n                        }<\/style><div class=\"fusion-row\"><h1 style=\"text-align: center;\">Portal del Transparencia\u00a0<span class=\"fusion-tooltip tooltip-shortcode\" data-animation=\"\" data-delay=\"0\" data-placement=\"top\" data-title=\"Portal del Transparencia\" data-toggle=\"tooltip\" data-trigger=\"hover\">Ayuntamiento de Colmenarejo<\/span><\/h1>\n<p style=\"text-align: center; margin-top: -10px; font-size: 18px; line-height: 27px;\"><em>La transparencia y el acceso a la informaci\u00f3n p\u00fablica y las normas de buen gobierno deben de ser los ejes fundamentales de toda acci\u00f3n pol\u00edtica<\/em><\/p>\n<\/div><\/div><div class=\"fusion-fullwidth fullwidth-box fusion-fullwidth-3  fusion-parallax-none nonhundred-percent-fullwidth\" style=\"border-color:#eae9e9;border-bottom-width: 0px;border-top-width: 0px;border-bottom-style: solid;border-top-style: solid;padding-bottom:20px;padding-top:20px;padding-left:0px;padding-right:0px;background-color:#ffffff;\"><style type=\"text\/css\" scoped=\"scoped\">.fusion-fullwidth-3 {\n                            padding-left: 0px !important;\n                            padding-right: 0px !important;\n                        }<\/style><div class=\"fusion-row\"><div class=\"fusion-sep-clear\"><\/div><div class=\"fusion-separator fusion-full-width-sep sep-none\" style=\"border-color:#e0dede;margin-left: auto;margin-right: auto;margin-top:10px;margin-bottom:10px;\"><\/div><div class=\"container\">\n<div class=\"template-page content av-content-full alpha units\">\n<div class=\"post-entry post-entry-type-page post-entry-9\">\n<div class=\"entry-content-wrapper clearfix\">\n<div class=\"flex_column av_one_half first avia-builder-el-2 el_before_av_one_half avia-builder-el-first \">\n<section class=\"av_textblock_section\">\n<div class=\"avia_textblock \">\n<h3><strong>Importante: La informaci\u00f3n que no aparezca en las distintas \u00e1reas de este Portal, est\u00e1 disponible en la <a href=\"http:\/\/www.ayto-colmenarejo.com\" target=\"_blank\" rel=\"noopener\">Web Municipal<\/a><\/strong><\/h3>\n<p>El Ayuntamiento de Colmenarejo publica, mediante este Portal, de forma peri\u00f3dica y actualizada, informaci\u00f3n relevante para garantizar la transparencia de su actividad, relacionada con el funcionamiento y el control de su actuaci\u00f3n p\u00fablica.<\/p>\n<p>Con este Portal pretendemos que los requerimientos de m\u00e1s Transparencia, rigor y \u00e9tica p\u00fablica que las sociedades exigen hoy a gobiernos e instituciones p\u00fablicas y el necesario cumplimiento de la Ley 19\/2013 de Transparencia, acceso a la informaci\u00f3n p\u00fablica y buen gobierno, \u00a0se vean cumplidos al m\u00e1ximo en nuestra corporaci\u00f3n.<\/p>\n<\/div>\n<\/section>\n<\/div>\n<\/div>\n<\/div>\n<\/div>\n<\/div>\n<\/div><\/div><div class=\"fusion-fullwidth fullwidth-box fusion-fullwidth-4  fusion-parallax-fixed nonhundred-percent-fullwidth\" style=\"border-color:#;border-bottom-width: 0px;border-top-width: 0px;border-bottom-style: solid;border-top-style: solid;padding-bottom:35px;padding-top:30px;padding-left:0px;padding-right:0px;background-color:#3d3c3c;\"><style type=\"text\/css\" scoped=\"scoped\">.fusion-fullwidth-4 {\n                            padding-left: 0px !important;\n                            padding-right: 0px !important;\n                        }<\/style><div class=\"fusion-row\"><h1 style=\"text-align: center; font-size: 30px ! important; color: #ffffff ! important;\"><span style=\"color: #f05858;\">Areas de consulta del portal de transparencia<\/span><\/h1>\n<p style=\"text-align: center; margin-top: -10px; font-size: 17px !important; line-height: 24px !important; color: #b1b1b1 !important;\">Consulte los contenidos por areas<\/p>\n<\/div><\/div><div class=\"fusion-section-separator section-separator\" style=\"border-bottom:1px solid #3d3c3c;\"><div class=\"divider-candy-arrow bottom\" style=\"top:0px;border-top-color: #3d3c3c;\"><\/div><div class=\"divider-candy bottom\" style=\"bottom:-21px;border-bottom:1px solid #3d3c3c;border-left:1px solid #3d3c3c;\"><\/div><\/div><div class=\"fusion-fullwidth fullwidth-box fusion-fullwidth-5  fusion-parallax-none nonhundred-percent-fullwidth\" style=\"border-color:#eae9e9;border-bottom-width: 0px;border-top-width: 0px;border-bottom-style: solid;border-top-style: solid;padding-bottom:20px;padding-top:20px;padding-left:0px;padding-right:0px;background-color:#ffffff;\"><style type=\"text\/css\" scoped=\"scoped\">.fusion-fullwidth-5 {\n                            padding-left: 0px !important;\n                            padding-right: 0px !important;\n                        }<\/style><div class=\"fusion-row\"><div class=\"fusion-flip-boxes flip-boxes row fusion-columns-4\"><div class=\"fusion-flip-box-wrapper fusion-column col-lg-3 col-md-3 col-sm-3\"><div class=\"fusion-flip-box\"><div class=\"flip-box-inner-wrapper\"><div class=\"flip-box-front\" style=\"background-color:#f6f6f6;border-color:transparent;border-radius:4px;border-style:solid;border-width:1px;color:#747474;\"><div class=\"flip-box-front-inner\"><div class=\"flip-box-grafix flip-box-circle\" style=\"background-color:#333333;border-color:#333333;\"><i class=\"fa fa-compress\" style=\"color:#ffffff;\"><\/i><\/div><h2 class=\"flip-box-heading\" style=\"color:#333333;\">Gobierno y Administraci\u00f3n<\/h2>La instituci\u00f3n, su organizaci\u00f3n, planificaci\u00f3n y personal<\/div><\/div><div class=\"flip-box-back\" style=\"background-color:#f05858;border-color:transparent;border-radius:4px;border-style:solid;border-width:1px;color:#ffffff;\"><div class=\"flip-box-back-inner\"><h3 class=\"flip-box-heading-back\" style=\"color:#eeeded;\">La instituci\u00f3n, su organizaci\u00f3n, planificaci\u00f3n y personal<\/h3>Informaci\u00f3n sobre el <a href=\"http:\/\/transparencia.ayto-colmenarejo.org\/?page_id=7\">equipo de gobierno y la estructura administrativa local<\/a>.<\/div><\/div><\/div><\/div><\/div><div class=\"fusion-flip-box-wrapper fusion-column col-lg-3 col-md-3 col-sm-3\"><div class=\"fusion-flip-box\"><div class=\"flip-box-inner-wrapper\"><div class=\"flip-box-front\" style=\"background-color:#f6f6f6;border-color:transparent;border-radius:4px;border-style:solid;border-width:1px;color:#747474;\"><div class=\"flip-box-front-inner\"><div class=\"flip-box-grafix flip-box-circle\" style=\"background-color:#333333;border-color:#333333;\"><i class=\"fa fa-users\" style=\"color:#ffffff;\"><\/i><\/div><h2 class=\"flip-box-heading\" style=\"color:#333333;\">Ciudadanos y Sociedad<\/h2>Informaci\u00f3n sobre relaciones con los ciudadanos y la Sociedad<\/div><\/div><div class=\"flip-box-back\" style=\"background-color:#f05858;border-color:transparent;border-radius:4px;border-style:solid;border-width:1px;color:#ffffff;\"><div class=\"flip-box-back-inner\"><h3 class=\"flip-box-heading-back\" style=\"color:#eeeded;\">Informaci\u00f3n sobre relaciones con los ciudadanos y la Sociedad<\/h3>Informaci\u00f3n sobre <a href=\"http:\/\/transparencia.ayto-colmenarejo.org\/?page_id=9\">relaciones con los ciudadanos y la Sociedad<\/a><\/div><\/div><\/div><\/div><\/div><div class=\"fusion-flip-box-wrapper fusion-column col-lg-3 col-md-3 col-sm-3\"><div class=\"fusion-flip-box\"><div class=\"flip-box-inner-wrapper\"><div class=\"flip-box-front\" style=\"background-color:#f6f6f6;border-color:transparent;border-radius:4px;border-style:solid;border-width:1px;color:#747474;\"><div class=\"flip-box-front-inner\"><div class=\"flip-box-grafix flip-box-circle\" style=\"background-color:#333333;border-color:#333333;\"><i class=\"fa fa-gavel\" style=\"color:#ffffff;\"><\/i><\/div><h2 class=\"flip-box-heading\" style=\"color:#333333;\">Jur\u00eddico y Patrimonial<\/h2>Informaci\u00f3n de relevancia jur\u00eddica y patrimonial<\/div><\/div><div class=\"flip-box-back\" style=\"background-color:#f05858;border-color:transparent;border-radius:4px;border-style:solid;border-width:1px;color:#ffffff;\"><div class=\"flip-box-back-inner\"><h3 class=\"flip-box-heading-back\" style=\"color:#eeeded;\">Informaci\u00f3n de relevancia jur\u00eddica y patrimonial<\/h3>Informaci\u00f3n de <a href=\"http:\/\/transparencia.ayto-colmenarejo.org\/?page_id=11\">relevancia jur\u00eddica y patrimonial<\/a><\/div><\/div><\/div><\/div><\/div><div class=\"fusion-flip-box-wrapper fusion-column col-lg-3 col-md-3 col-sm-3\"><div class=\"fusion-flip-box\"><div class=\"flip-box-inner-wrapper\"><div class=\"flip-box-front\" style=\"background-color:#f6f6f6;border-color:transparent;border-radius:4px;border-style:solid;border-width:1px;color:#747474;\"><div class=\"flip-box-front-inner\"><div class=\"flip-box-grafix flip-box-circle\" style=\"background-color:#333333;border-color:#333333;\"><i class=\"fa fa-money\" style=\"color:#ffffff;\"><\/i><\/div><h2 class=\"flip-box-heading\" style=\"color:#333333;\">Econom\u00eda y Presupuestos<\/h2>La actividad econ\u00f3mica, financiera y presupuestaria<\/div><\/div><div class=\"flip-box-back\" style=\"background-color:#f05858;border-color:transparent;border-radius:4px;border-style:solid;border-width:1px;color:#ffffff;\"><div class=\"flip-box-back-inner\"><h3 class=\"flip-box-heading-back\" style=\"color:#eeeded;\">La actividad econ\u00f3mica, financiera y presupuestaria<\/h3>Informaci\u00f3n sobre <a href=\"http:\/\/transparencia.ayto-colmenarejo.org\/?page_id=13\">Econom\u00eda y Presupuestos<\/a><\/div><\/div><\/div><\/div><\/div><\/div><div class=\"fusion-clearfix\"><\/div><div class=\"fusion-flip-boxes flip-boxes row fusion-columns-3\"><div class=\"fusion-flip-box-wrapper fusion-column col-lg-4 col-md-4 col-sm-4\"><div class=\"fusion-flip-box\"><div class=\"flip-box-inner-wrapper\"><div class=\"flip-box-front\" style=\"background-color:#f6f6f6;border-color:transparent;border-radius:4px;border-style:solid;border-width:1px;color:#747474;\"><div class=\"flip-box-front-inner\"><div class=\"flip-box-grafix flip-box-circle\" style=\"background-color:#333333;border-color:#333333;\"><i class=\"fa fa-briefcase\" style=\"color:#ffffff;\"><\/i><\/div><h2 class=\"flip-box-heading\" style=\"color:#333333;\">Contrataci\u00f3n y Convenios<\/h2>Informaci\u00f3n sobre contrataci\u00f3n, convenios y subvenciones<\/div><\/div><div class=\"flip-box-back\" style=\"background-color:#f05858;border-color:transparent;border-radius:4px;border-style:solid;border-width:1px;color:#ffffff;\"><div class=\"flip-box-back-inner\"><h3 class=\"flip-box-heading-back\" style=\"color:#eeeded;\">Informaci\u00f3n sobre contrataci\u00f3n, convenios y subvenciones<\/h3>Informaci\u00f3n sobre <a href=\"http:\/\/transparencia.ayto-colmenarejo.org\/?page_id=15\">contrataci\u00f3n, convenios y subvenciones<\/a><\/div><\/div><\/div><\/div><\/div><div class=\"fusion-flip-box-wrapper fusion-column col-lg-4 col-md-4 col-sm-4\"><div class=\"fusion-flip-box\"><div class=\"flip-box-inner-wrapper\"><div class=\"flip-box-front\" style=\"background-color:#f6f6f6;border-color:transparent;border-radius:4px;border-style:solid;border-width:1px;color:#747474;\"><div class=\"flip-box-front-inner\"><div class=\"flip-box-grafix flip-box-circle\" style=\"background-color:#333333;border-color:#333333;\"><i class=\"fa fa-building-o\" style=\"color:#ffffff;\"><\/i><\/div><h2 class=\"flip-box-heading\" style=\"color:#333333;\">Urbanismo y Medio Ambiente<\/h2>Informaci\u00f3n mediomabiental y urban\u00edstica<\/div><\/div><div class=\"flip-box-back\" style=\"background-color:#f05858;border-color:transparent;border-radius:4px;border-style:solid;border-width:1px;color:#ffffff;\"><div class=\"flip-box-back-inner\"><h3 class=\"flip-box-heading-back\" style=\"color:#eeeded;\">Informaci\u00f3n mediomabiental y urban\u00edstica<\/h3>Informaci\u00f3n <a href=\"http:\/\/transparencia.ayto-colmenarejo.org\/?page_id=17\">mediomabiental y urban\u00edstica<\/a><\/div><\/div><\/div><\/div><\/div><div class=\"fusion-flip-box-wrapper fusion-column col-lg-4 col-md-4 col-sm-4\"><div class=\"fusion-flip-box\"><div class=\"flip-box-inner-wrapper\"><div class=\"flip-box-front\" style=\"background-color:#f6f6f6;border-color:transparent;border-radius:4px;border-style:solid;border-width:1px;color:#747474;\"><div class=\"flip-box-front-inner\"><div class=\"flip-box-grafix flip-box-circle\" style=\"background-color:#333333;border-color:#333333;\"><i class=\"fa fa-puzzle-piece\" style=\"color:#ffffff;\"><\/i><\/div><h2 class=\"flip-box-heading\" style=\"color:#333333;\">Servicios y Procedimientos<\/h2>Informaci\u00f3n sobre servicios y procedimientos municipales<\/div><\/div><div class=\"flip-box-back\" style=\"background-color:#f05858;border-color:transparent;border-radius:4px;border-style:solid;border-width:1px;color:#ffffff;\"><div class=\"flip-box-back-inner\"><h3 class=\"flip-box-heading-back\" style=\"color:#eeeded;\">Informaci\u00f3n sobre servicios y procedimientos municipales<\/h3>Informaci\u00f3n sobre <a href=\"http:\/\/transparencia.ayto-colmenarejo.org\/?page_id=19\">servicios y procedimientos municipales<\/a><\/div><\/div><\/div><\/div><\/div><\/div><div class=\"fusion-clearfix\"><\/div><\/div><\/div>\n","protected":false},"excerpt":{"rendered":"","protected":false},"author":9,"featured_media":0,"parent":0,"menu_order":0,"comment_status":"open","ping_status":"open","template":"100-width.php","meta":{"footnotes":""},"_links":{"self":[{"href":"http:\/\/transparencia.ayto-colmenarejo.org\/index.php?rest_route=\/wp\/v2\/pages\/5"}],"collection":[{"href":"http:\/\/transparencia.ayto-colmenarejo.org\/index.php?rest_route=\/wp\/v2\/pages"}],"about":[{"href":"http:\/\/transparencia.ayto-colmenarejo.org\/index.php?rest_route=\/wp\/v2\/types\/page"}],"author":[{"embeddable":true,"href":"http:\/\/transparencia.ayto-colmenarejo.org\/index.php?rest_route=\/wp\/v2\/users\/9"}],"replies":[{"embeddable":true,"href":"http:\/\/transparencia.ayto-colmenarejo.org\/index.php?rest_route=%2Fwp%2Fv2%2Fcomments&post=5"}],"version-history":[{"count":0,"href":"http:\/\/transparencia.ayto-colmenarejo.org\/index.php?rest_route=\/wp\/v2\/pages\/5\/revisions"}],"wp:attachment":[{"href":"http:\/\/transparencia.ayto-colmenarejo.org\/index.php?rest_route=%2Fwp%2Fv2%2Fmedia&parent=5"}],"curies":[{"name":"wp","href":"https:\/\/api.w.org\/{rel}","templated":true}]}}