
{"id":197,"date":"2015-06-25T09:55:47","date_gmt":"2015-06-25T09:55:47","guid":{"rendered":"http:\/\/transparencia.ayto-colmenarejo.org\/?page_id=197"},"modified":"2024-06-16T22:59:48","modified_gmt":"2024-06-16T22:59:48","slug":"servicios","status":"publish","type":"page","link":"http:\/\/transparencia.ayto-colmenarejo.org\/?page_id=197","title":{"rendered":"Servicios"},"content":{"rendered":"<div class=\"fusion-fullwidth fullwidth-box fusion-fullwidth-1  fusion-parallax-none hundred-percent-fullwidth\" style=\"border-color:#eae9e9;border-bottom-width: 0px;border-top-width: 0px;border-bottom-style: solid;border-top-style: solid;padding-bottom:50px;padding-top:50px;padding-left:0px;padding-right:0px;background-color:#ffffff;background-position:center center;background-repeat:no-repeat;-webkit-background-size:cover;-moz-background-size:cover;-o-background-size:cover;background-size:cover;-ms-filter: &quot;progid:DXImageTransform.Microsoft.AlphaImageLoader(src=&#039;http:\/\/transparencia.ayto-colmenarejo.org\/wp-content\/uploads\/2015\/06\/tg_carrusel_cabecera_pequena-300x143.jpg&#039;, sizingMethod=&#039;scale&#039;)&quot;;background-image: url(http:\/\/transparencia.ayto-colmenarejo.org\/wp-content\/uploads\/2015\/06\/tg_carrusel_cabecera_pequena-300x143.jpg);\"><style type=\"text\/css\" scoped=\"scoped\">.fusion-fullwidth-1 {\n                            padding-left: 0px !important;\n                            padding-right: 0px !important;\n                        }<\/style><div class=\"fusion-row\"><h1 style=\"text-align: center;\"><span style=\"color: #bdbdbd;\">Servicios<\/span><\/h1>\n<\/div><\/div><div class=\"accordian fusion-accordian\"><div class=\"panel-group\" id=\"accordion-197-1\"><div class=\"fusion-panel panel-default\"><div class=\"panel-heading\"><h4 class=\"panel-title toggle\"><a data-toggle=\"collapse\" data-parent=\"#accordion-197-1\" data-target=\"#2c1f9c6c2a5bb805b\" href=\"#2c1f9c6c2a5bb805b\"><div class=\"fusion-toggle-icon-wrapper\"><i class=\"fa-fusion-box\"><\/i><\/div><div class=\"fusion-toggle-heading\">Servicios y Sedes de los servicios<\/div><\/a><\/h4><\/div><div id=\"2c1f9c6c2a5bb805b\" class=\"panel-collapse collapse \"><div class=\"panel-body toggle-content\">Publicaci\u00f3n de los servicios y sedes de los servicios.<\/p>\n<p>La informaci\u00f3n de las distintos tr\u00e1mites y gestiones se puede consultar accediendo la siguiente p\u00e1gina de la web municipal:<br \/>\n<a href=\"https:\/\/www.ayto-colmenarejo.com\/?page_id=205\">Tr\u00e1mites y Gestiones | AYUNTAMIENTO DE COLMENAREJO (ayto-colmenarejo.com)<\/a><\/p>\n<p>Adem\u00e1s, la relaci\u00f3n de servicios que presta el Ayuntamiento de Colmenarejo se encuentran disponibles en la Web municipal:<br \/>\n<a href=\"https:\/\/www.ayto-colmenarejo.com\/?page_id=608\">\u00c1REAS Y SERVICIOS MUNICIPALES | AYUNTAMIENTO DE COLMENAREJO (ayto-colmenarejo.com)<\/a><\/p>\n<p>\n\n\n\n\n<html lang=\"en\">\n<head>\n<meta http-equiv=\"Content-Type\" content=\"text\/html; charset=UTF-8\">\n\t\n<\/head>\n\n\n\n<body>\n\n \n\n\t\t\n\n\t\t\n\t\t\t<script>\n\t\t\tfunction abrir(codigo) { \n\t\t\t\twindow.open (\"https:\/\/sede.ayto-colmenarejo.org\/\/eAdmin\/\/ValidarDocumento.do?id_Documento=\"+codigo+\"&tipo=doc\",\"_blank\",\"toolbar=0,scrollbars=1,location=1,directories=0,status=1,menubar=0,scrollbars=0,resizable=1,width=1000,height=400\"); \n\t\t\t}\t\n\t\t\t<\/script>\n\t\t\t\n\t\t\t<!-- *************  LISTA DE DOCUMENTOS  ************************ -->\n\t\t\t<!-- \n\t\t\t\n\t\t\t -->\n\t\t\t\n\t\t\t\n\t\t\n\n\t\t\n\n\t\t\n\n\n<\/body>\n<\/html>\n\n\n<\/div><\/div><\/div><div class=\"fusion-panel panel-default\"><div class=\"panel-heading\"><h4 class=\"panel-title toggle\"><a data-toggle=\"collapse\" data-parent=\"#accordion-197-1\" data-target=\"#0e292ede0bfe26977\" href=\"#0e292ede0bfe26977\"><div class=\"fusion-toggle-icon-wrapper\"><i class=\"fa-fusion-box\"><\/i><\/div><div class=\"fusion-toggle-heading\">Cartas de Servicio<\/div><\/a><\/h4><\/div><div id=\"0e292ede0bfe26977\" class=\"panel-collapse collapse \"><div class=\"panel-body toggle-content\">Publicaci\u00f3n de las cartas de servicio.<\/p>\n<p>\n\n\n\n\n<html lang=\"en\">\n<head>\n<meta http-equiv=\"Content-Type\" content=\"text\/html; charset=UTF-8\">\n\t\n<\/head>\n\n\n\n<body>\n\n \n\n\t\t\n\n\t\t\n\t\t\t<script>\n\t\t\tfunction abrir(codigo) { \n\t\t\t\twindow.open (\"https:\/\/sede.ayto-colmenarejo.org\/\/eAdmin\/\/ValidarDocumento.do?id_Documento=\"+codigo+\"&tipo=doc\",\"_blank\",\"toolbar=0,scrollbars=1,location=1,directories=0,status=1,menubar=0,scrollbars=0,resizable=1,width=1000,height=400\"); \n\t\t\t}\t\n\t\t\t<\/script>\n\t\t\t\n\t\t\t<!-- *************  LISTA DE DOCUMENTOS  ************************ -->\n\t\t\t<!-- \n\t\t\t\n\t\t\t -->\n\t\t\t\n\t\t\t\n\t\t\n\n\t\t\n\n\t\t\n\n\n<\/body>\n<\/html>\n\n\n<\/div><\/div><\/div><div class=\"fusion-panel panel-default\"><div class=\"panel-heading\"><h4 class=\"panel-title toggle\"><a data-toggle=\"collapse\" data-parent=\"#accordion-197-1\" data-target=\"#6539f19be7311f841\" href=\"#6539f19be7311f841\"><div class=\"fusion-toggle-icon-wrapper\"><i class=\"fa-fusion-box\"><\/i><\/div><div class=\"fusion-toggle-heading\">Iniciativas, Quejas y Sugerencias<\/div><\/a><\/h4><\/div><div id=\"6539f19be7311f841\" class=\"panel-collapse collapse \"><div class=\"panel-body toggle-content\">\nPara comunicarse con el Ayuntamiento de Colmenarejo, puede dirigirse a la sede electr\u00f3nica, en el enlace de m\u00e1s abajo. En la Sede, podr\u00e1 comunicarse con el Ayuntamiento con tres opciones dentro del Cat\u00e1logo de Tr\u00e1mites:<br \/>\n&#8211; Buz\u00f3n de Quejas.<br \/>\n&#8211; Buz\u00f3n de Sugerencias.<br \/>\n&#8211; Instancia General.<\/p>\n<p><a href=\"https:\/\/sede.ayto-colmenarejo.org\/eAdmin\/Sede.do\">Sede Electr\u00f3nica | Ayuntamiento de Colmenarejo (ayto-colmenarejo.org)<\/a><\/p>\n<p>Tambi\u00e9n se podr\u00e1 poner en contacto mediante la L\u00ednea Verde:<br \/>\n<a href=\"http:\/\/www.lineaverdecolmenarejo.es\/\">L\u00ednea Verde Ayuntamiento de Colmenarejo\u00a0Comunicaci\u00f3n de incidencias y consultas sobre medio ambiente (lineaverdecolmenarejo.es)<\/a><\/p>\n<p>\n\n\n\n\n<html lang=\"en\">\n<head>\n<meta http-equiv=\"Content-Type\" content=\"text\/html; charset=UTF-8\">\n\t\n<\/head>\n\n\n\n<body>\n\n \n\n\t\t\n\n\t\t\n\t\t\t<script>\n\t\t\tfunction abrir(codigo) { \n\t\t\t\twindow.open (\"https:\/\/sede.ayto-colmenarejo.org\/\/eAdmin\/\/ValidarDocumento.do?id_Documento=\"+codigo+\"&tipo=doc\",\"_blank\",\"toolbar=0,scrollbars=1,location=1,directories=0,status=1,menubar=0,scrollbars=0,resizable=1,width=1000,height=400\"); \n\t\t\t}\t\n\t\t\t<\/script>\n\t\t\t\n\t\t\t<!-- *************  LISTA DE DOCUMENTOS  ************************ -->\n\t\t\t<!-- \n\t\t\t\n\t\t\t<div class=\"reading-box\" style=\"background-color:#fff;border-width:1px;border-color:#ededed;border-top-width:1px;border-top-color:#a0ce4e;border-style:solid;\">\n\t\t\t   <a class=\"button fusion-button button-default button-round fusion-button-large button-large button-flat continue continue-right\" style=\"-webkit-box-shadow:none;-moz-box-shadow:none;box-shadow:none;\" href=\"javascript:abrir('zOAEYSz3\/4g=')\" target=\"_self\"><span>ver documento<\/span><\/a>\n\t\t\t   <h2 data-lineheight=\"27\" data-fontsize=\"18\"><i class=\"fa fa-file\" style=\"color:#000000;\"><\/i>&nbsp;&nbsp;&nbsp; Documentos PAJ de inclemencias invernales.<\/h2>\n\t\t\t   <div class=\"reading-box-description\">&nbsp;&nbsp;&nbsp;&nbsp;&nbsp;&nbsp;&nbsp;&nbsp;&nbsp;Pago a justificar de los gastos de inclemencias invernales con   motivo de la Borrasca Filomena.  Expediente finalizado y de conformidad.<\/div>\n\t\t\t<\/div>\n\t\t\t\n\t\t\t -->\n\t\t\t\n\t\t\t\n\t\t\t\n\t\t\t\t> <a href=\"javascript:abrir('zOAEYSz3\/4g=')\">Documentos PAJ de inclemencias invernales.<\/a>\n\t\t\t\tPago a justificar de los gastos de inclemencias invernales con   motivo de la Borrasca Filomena.  Expediente finalizado y de conformidad.<br\/>\n\t\t\t\n\t\t\t\n\t\t\t\n\t\t\t\n\t\t\t\n\t\t\t\n\t\t\n\n\t\t\n\n\t\t\n\n\n<\/body>\n<\/html>\n\n\n<\/div><\/div><\/div><\/div><\/div>\n","protected":false},"excerpt":{"rendered":"","protected":false},"author":9,"featured_media":0,"parent":19,"menu_order":0,"comment_status":"open","ping_status":"open","template":"","meta":{"footnotes":""},"_links":{"self":[{"href":"http:\/\/transparencia.ayto-colmenarejo.org\/index.php?rest_route=\/wp\/v2\/pages\/197"}],"collection":[{"href":"http:\/\/transparencia.ayto-colmenarejo.org\/index.php?rest_route=\/wp\/v2\/pages"}],"about":[{"href":"http:\/\/transparencia.ayto-colmenarejo.org\/index.php?rest_route=\/wp\/v2\/types\/page"}],"author":[{"embeddable":true,"href":"http:\/\/transparencia.ayto-colmenarejo.org\/index.php?rest_route=\/wp\/v2\/users\/9"}],"replies":[{"embeddable":true,"href":"http:\/\/transparencia.ayto-colmenarejo.org\/index.php?rest_route=%2Fwp%2Fv2%2Fcomments&post=197"}],"version-history":[{"count":4,"href":"http:\/\/transparencia.ayto-colmenarejo.org\/index.php?rest_route=\/wp\/v2\/pages\/197\/revisions"}],"predecessor-version":[{"id":697,"href":"http:\/\/transparencia.ayto-colmenarejo.org\/index.php?rest_route=\/wp\/v2\/pages\/197\/revisions\/697"}],"up":[{"embeddable":true,"href":"http:\/\/transparencia.ayto-colmenarejo.org\/index.php?rest_route=\/wp\/v2\/pages\/19"}],"wp:attachment":[{"href":"http:\/\/transparencia.ayto-colmenarejo.org\/index.php?rest_route=%2Fwp%2Fv2%2Fmedia&parent=197"}],"curies":[{"name":"wp","href":"https:\/\/api.w.org\/{rel}","templated":true}]}}