
{"id":148,"date":"2015-06-25T09:41:26","date_gmt":"2015-06-25T09:41:26","guid":{"rendered":"http:\/\/transparencia.ayto-colmenarejo.org\/?page_id=148"},"modified":"2024-06-16T14:17:24","modified_gmt":"2024-06-16T14:17:24","slug":"ciudadanos","status":"publish","type":"page","link":"http:\/\/transparencia.ayto-colmenarejo.org\/?page_id=148","title":{"rendered":"Ciudadanos"},"content":{"rendered":"<div class=\"fusion-fullwidth fullwidth-box fusion-fullwidth-1  fusion-parallax-none hundred-percent-fullwidth\" style=\"border-color:#eae9e9;border-bottom-width: 0px;border-top-width: 0px;border-bottom-style: solid;border-top-style: solid;padding-bottom:50px;padding-top:50px;padding-left:0px;padding-right:0px;background-color:#ffffff;background-position:center center;background-repeat:no-repeat;-webkit-background-size:cover;-moz-background-size:cover;-o-background-size:cover;background-size:cover;-ms-filter: &quot;progid:DXImageTransform.Microsoft.AlphaImageLoader(src=&#039;http:\/\/transparencia.ayto-colmenarejo.org\/wp-content\/uploads\/2015\/06\/concepto-corporate-gente-andando-300x169.jpg&#039;, sizingMethod=&#039;scale&#039;)&quot;;background-image: url(http:\/\/transparencia.ayto-colmenarejo.org\/wp-content\/uploads\/2015\/06\/concepto-corporate-gente-andando-300x169.jpg);\"><style type=\"text\/css\" scoped=\"scoped\">.fusion-fullwidth-1 {\n                            padding-left: 0px !important;\n                            padding-right: 0px !important;\n                        }<\/style><div class=\"fusion-row\"><h1 style=\"text-align: center;\"><span style=\"color: #bdbdbd;\">Ciudadanos<\/span><\/h1>\n<\/div><\/div><div class=\"accordian fusion-accordian\"><div class=\"panel-group\" id=\"accordion-148-1\"><div class=\"fusion-panel panel-default\"><div class=\"panel-heading\"><h4 class=\"panel-title toggle\"><a data-toggle=\"collapse\" data-parent=\"#accordion-148-1\" data-target=\"#13d45ef1004978dc5\" href=\"#13d45ef1004978dc5\"><div class=\"fusion-toggle-icon-wrapper\"><i class=\"fa-fusion-box\"><\/i><\/div><div class=\"fusion-toggle-heading\">Mapa Web<\/div><\/a><\/h4><\/div><div id=\"13d45ef1004978dc5\" class=\"panel-collapse collapse \"><div class=\"panel-body toggle-content\">MAPA WEB<\/p>\n<p>\n\n\n\n\n<html lang=\"en\">\n<head>\n<meta http-equiv=\"Content-Type\" content=\"text\/html; charset=UTF-8\">\n\t\n<\/head>\n\n\n\n<body>\n\n \n\n\t\t\n\t\t\t<!-- *************  CONTENIDO   ********************************* -->\n\t\t\t<p>\n\t\t\t\n\t\t\t<\/p>\n\t\t\n\n\t\t\n\n\t\t\n\n\t\t\n\n\n<\/body>\n<\/html>\n\n\n<\/div><\/div><\/div><div class=\"fusion-panel panel-default\"><div class=\"panel-heading\"><h4 class=\"panel-title toggle\"><a data-toggle=\"collapse\" data-parent=\"#accordion-148-1\" data-target=\"#2af5edfa2ad819478\" href=\"#2af5edfa2ad819478\"><div class=\"fusion-toggle-icon-wrapper\"><i class=\"fa-fusion-box\"><\/i><\/div><div class=\"fusion-toggle-heading\">Datos sobre las preguntas recibidas de los ciudadanos u organizaciones<\/div><\/a><\/h4><\/div><div id=\"2af5edfa2ad819478\" class=\"panel-collapse collapse \"><div class=\"panel-body toggle-content\">Publicaci\u00f3n de los Datos sobre las preguntas recibidas de los ciudadanos u organizaciones.<\/p>\n<p>\n\n\n\n\n<html lang=\"en\">\n<head>\n<meta http-equiv=\"Content-Type\" content=\"text\/html; charset=UTF-8\">\n\t\n<\/head>\n\n\n\n<body>\n\n \n\n\t\t\n\n\t\t\n\t\t\t<script>\n\t\t\tfunction abrir(codigo) { \n\t\t\t\twindow.open (\"https:\/\/sede.ayto-colmenarejo.org\/\/eAdmin\/\/ValidarDocumento.do?id_Documento=\"+codigo+\"&tipo=doc\",\"_blank\",\"toolbar=0,scrollbars=1,location=1,directories=0,status=1,menubar=0,scrollbars=0,resizable=1,width=1000,height=400\"); \n\t\t\t}\t\n\t\t\t<\/script>\n\t\t\t\n\t\t\t<!-- *************  LISTA DE DOCUMENTOS  ************************ -->\n\t\t\t<!-- \n\t\t\t\n\t\t\t -->\n\t\t\t\n\t\t\t\n\t\t\n\n\t\t\n\n\t\t\n\n\n<\/body>\n<\/html>\n\n\n<\/div><\/div><\/div><div class=\"fusion-panel panel-default\"><div class=\"panel-heading\"><h4 class=\"panel-title toggle\"><a data-toggle=\"collapse\" data-parent=\"#accordion-148-1\" data-target=\"#c3f0cbe5aac27da5b\" href=\"#c3f0cbe5aac27da5b\"><div class=\"fusion-toggle-icon-wrapper\"><i class=\"fa-fusion-box\"><\/i><\/div><div class=\"fusion-toggle-heading\">Cat\u00e1logo general de servicios<\/div><\/a><\/h4><\/div><div id=\"c3f0cbe5aac27da5b\" class=\"panel-collapse collapse \"><div class=\"panel-body toggle-content\">Publicaci\u00f3n del cat\u00e1logo general de servicios.<\/p>\n<p>\n\n\n\n\n<html lang=\"en\">\n<head>\n<meta http-equiv=\"Content-Type\" content=\"text\/html; charset=UTF-8\">\n\t\n<\/head>\n\n\n\n<body>\n\n \n\n\t\t\n\n\t\t\n\t\t\t<script>\n\t\t\tfunction abrir(codigo) { \n\t\t\t\twindow.open (\"https:\/\/sede.ayto-colmenarejo.org\/\/eAdmin\/\/ValidarDocumento.do?id_Documento=\"+codigo+\"&tipo=doc\",\"_blank\",\"toolbar=0,scrollbars=1,location=1,directories=0,status=1,menubar=0,scrollbars=0,resizable=1,width=1000,height=400\"); \n\t\t\t}\t\n\t\t\t<\/script>\n\t\t\t\n\t\t\t<!-- *************  LISTA DE DOCUMENTOS  ************************ -->\n\t\t\t<!-- \n\t\t\t\n\t\t\t -->\n\t\t\t\n\t\t\t\n\t\t\n\n\t\t\n\n\t\t\n\n\n<\/body>\n<\/html>\n\n\n<\/div><\/div><\/div><div class=\"fusion-panel panel-default\"><div class=\"panel-heading\"><h4 class=\"panel-title toggle\"><a data-toggle=\"collapse\" data-parent=\"#accordion-148-1\" data-target=\"#18ddb9a0c46964eff\" href=\"#18ddb9a0c46964eff\"><div class=\"fusion-toggle-icon-wrapper\"><i class=\"fa-fusion-box\"><\/i><\/div><div class=\"fusion-toggle-heading\">Cat\u00e1logo actualizado de los procedimientos administrativos con indicaci\u00f3n de su objeto, tr\u00e1mites, plazos, y en su caso formularios asociados, especificando los susceptibles de tramitaci\u00f3n electr\u00f3nica<\/div><\/a><\/h4><\/div><div id=\"18ddb9a0c46964eff\" class=\"panel-collapse collapse \"><div class=\"panel-body toggle-content\">Los procedimientos se encuentran disponibles en el siguiente enlace de la web municipal:<br \/>\n<a href=\"https:\/\/www.ayto-colmenarejo.com\/?page_id=205\">TR\u00c1MITES Y GESTIONES | AYUNTAMIENTO DE COLMENAREJO (ayto-colmenarejo.com)<\/a><\/p>\n<p>\n\n\n\n\n<html lang=\"en\">\n<head>\n<meta http-equiv=\"Content-Type\" content=\"text\/html; charset=UTF-8\">\n\t\n<\/head>\n\n\n\n<body>\n\n \n\n\t\t\n\n\t\t\n\t\t\t<script>\n\t\t\tfunction abrir(codigo) { \n\t\t\t\twindow.open (\"https:\/\/sede.ayto-colmenarejo.org\/\/eAdmin\/\/ValidarDocumento.do?id_Documento=\"+codigo+\"&tipo=doc\",\"_blank\",\"toolbar=0,scrollbars=1,location=1,directories=0,status=1,menubar=0,scrollbars=0,resizable=1,width=1000,height=400\"); \n\t\t\t}\t\n\t\t\t<\/script>\n\t\t\t\n\t\t\t<!-- *************  LISTA DE DOCUMENTOS  ************************ -->\n\t\t\t<!-- \n\t\t\t\n\t\t\t -->\n\t\t\t\n\t\t\t\n\t\t\n\n\t\t\n\n\t\t\n\n\n<\/body>\n<\/html>\n\n\n<\/div><\/div><\/div><div class=\"fusion-panel panel-default\"><div class=\"panel-heading\"><h4 class=\"panel-title toggle\"><a data-toggle=\"collapse\" data-parent=\"#accordion-148-1\" data-target=\"#4f70242dac61409ef\" href=\"#4f70242dac61409ef\"><div class=\"fusion-toggle-icon-wrapper\"><i class=\"fa-fusion-box\"><\/i><\/div><div class=\"fusion-toggle-heading\">Situaci\u00f3n y cortes en el tr\u00e1fico y\/o incidencias en los servicios municipales<\/div><\/a><\/h4><\/div><div id=\"4f70242dac61409ef\" class=\"panel-collapse collapse \"><div class=\"panel-body toggle-content\">Publicaci\u00f3n de la Situaci\u00f3n y cortes en el tr\u00e1fico y\/o incidencias en los servicios municipales.<\/p>\n<p>\n\n\n\n\n<html lang=\"en\">\n<head>\n<meta http-equiv=\"Content-Type\" content=\"text\/html; charset=UTF-8\">\n\t\n<\/head>\n\n\n\n<body>\n\n \n\n\t\t\n\n\t\t\n\t\t\t<script>\n\t\t\tfunction abrir(codigo) { \n\t\t\t\twindow.open (\"https:\/\/sede.ayto-colmenarejo.org\/\/eAdmin\/\/ValidarDocumento.do?id_Documento=\"+codigo+\"&tipo=doc\",\"_blank\",\"toolbar=0,scrollbars=1,location=1,directories=0,status=1,menubar=0,scrollbars=0,resizable=1,width=1000,height=400\"); \n\t\t\t}\t\n\t\t\t<\/script>\n\t\t\t\n\t\t\t<!-- *************  LISTA DE DOCUMENTOS  ************************ -->\n\t\t\t<!-- \n\t\t\t\n\t\t\t -->\n\t\t\t\n\t\t\t\n\t\t\n\n\t\t\n\n\t\t\n\n\n<\/body>\n<\/html>\n\n\n<\/div><\/div><\/div><div class=\"fusion-panel panel-default\"><div class=\"panel-heading\"><h4 class=\"panel-title toggle\"><a data-toggle=\"collapse\" data-parent=\"#accordion-148-1\" data-target=\"#63f0bc0be8722843c\" href=\"#63f0bc0be8722843c\"><div class=\"fusion-toggle-icon-wrapper\"><i class=\"fa-fusion-box\"><\/i><\/div><div class=\"fusion-toggle-heading\">Informaci\u00f3n actualizada sobre la situaci\u00f3n medioambiental en el municipio<\/div><\/a><\/h4><\/div><div id=\"63f0bc0be8722843c\" class=\"panel-collapse collapse \"><div class=\"panel-body toggle-content\">Publicaci\u00f3n de la Informaci\u00f3n actualizada sobre la situaci\u00f3n medioambiental en el municipio.<\/p>\n<p>\n\n\n\n\n<html lang=\"en\">\n<head>\n<meta http-equiv=\"Content-Type\" content=\"text\/html; charset=UTF-8\">\n\t\n<\/head>\n\n\n\n<body>\n\n \n\n\t\t\n\n\t\t\n\t\t\t<script>\n\t\t\tfunction abrir(codigo) { \n\t\t\t\twindow.open (\"https:\/\/sede.ayto-colmenarejo.org\/\/eAdmin\/\/ValidarDocumento.do?id_Documento=\"+codigo+\"&tipo=doc\",\"_blank\",\"toolbar=0,scrollbars=1,location=1,directories=0,status=1,menubar=0,scrollbars=0,resizable=1,width=1000,height=400\"); \n\t\t\t}\t\n\t\t\t<\/script>\n\t\t\t\n\t\t\t<!-- *************  LISTA DE DOCUMENTOS  ************************ -->\n\t\t\t<!-- \n\t\t\t\n\t\t\t -->\n\t\t\t\n\t\t\t\n\t\t\n\n\t\t\n\n\t\t\n\n\n<\/body>\n<\/html>\n\n\n<\/div><\/div><\/div><div class=\"fusion-panel panel-default\"><div class=\"panel-heading\"><h4 class=\"panel-title toggle\"><a data-toggle=\"collapse\" data-parent=\"#accordion-148-1\" data-target=\"#65af97cab1186d5e6\" href=\"#65af97cab1186d5e6\"><div class=\"fusion-toggle-icon-wrapper\"><i class=\"fa-fusion-box\"><\/i><\/div><div class=\"fusion-toggle-heading\">Informaci\u00f3n actualizada sobre la situaci\u00f3n ac\u00fastica en el municipio<\/div><\/a><\/h4><\/div><div id=\"65af97cab1186d5e6\" class=\"panel-collapse collapse \"><div class=\"panel-body toggle-content\">Publicaci\u00f3n de la Informaci\u00f3n actualizada sobre la situaci\u00f3n ac\u00fastica en el municipio.<\/p>\n<p>\n\n\n\n\n<html lang=\"en\">\n<head>\n<meta http-equiv=\"Content-Type\" content=\"text\/html; charset=UTF-8\">\n\t\n<\/head>\n\n\n\n<body>\n\n \n\n\t\t\n\n\t\t\n\t\t\t<script>\n\t\t\tfunction abrir(codigo) { \n\t\t\t\twindow.open (\"https:\/\/sede.ayto-colmenarejo.org\/\/eAdmin\/\/ValidarDocumento.do?id_Documento=\"+codigo+\"&tipo=doc\",\"_blank\",\"toolbar=0,scrollbars=1,location=1,directories=0,status=1,menubar=0,scrollbars=0,resizable=1,width=1000,height=400\"); \n\t\t\t}\t\n\t\t\t<\/script>\n\t\t\t\n\t\t\t<!-- *************  LISTA DE DOCUMENTOS  ************************ -->\n\t\t\t<!-- \n\t\t\t\n\t\t\t -->\n\t\t\t\n\t\t\t\n\t\t\n\n\t\t\n\n\t\t\n\n\n<\/body>\n<\/html>\n\n\n<\/div><\/div><\/div><div class=\"fusion-panel panel-default\"><div class=\"panel-heading\"><h4 class=\"panel-title toggle\"><a data-toggle=\"collapse\" data-parent=\"#accordion-148-1\" data-target=\"#0bf62163d0ef24046\" href=\"#0bf62163d0ef24046\"><div class=\"fusion-toggle-icon-wrapper\"><i class=\"fa-fusion-box\"><\/i><\/div><div class=\"fusion-toggle-heading\">Espacio de opiniones de los Grupos pol\u00edticos municipales<\/div><\/a><\/h4><\/div><div id=\"0bf62163d0ef24046\" class=\"panel-collapse collapse \"><div class=\"panel-body toggle-content\">Publicaci\u00f3n para un Espacio de opiniones de los Grupos pol\u00edticos municipales.<\/p>\n<p>\n\n\n\n\n<html lang=\"en\">\n<head>\n<meta http-equiv=\"Content-Type\" content=\"text\/html; charset=UTF-8\">\n\t\n<\/head>\n\n\n\n<body>\n\n \n\n\t\t\n\n\t\t\n\t\t\t<script>\n\t\t\tfunction abrir(codigo) { \n\t\t\t\twindow.open (\"https:\/\/sede.ayto-colmenarejo.org\/\/eAdmin\/\/ValidarDocumento.do?id_Documento=\"+codigo+\"&tipo=doc\",\"_blank\",\"toolbar=0,scrollbars=1,location=1,directories=0,status=1,menubar=0,scrollbars=0,resizable=1,width=1000,height=400\"); \n\t\t\t}\t\n\t\t\t<\/script>\n\t\t\t\n\t\t\t<!-- *************  LISTA DE DOCUMENTOS  ************************ -->\n\t\t\t<!-- \n\t\t\t\n\t\t\t -->\n\t\t\t\n\t\t\t\n\t\t\n\n\t\t\n\n\t\t\n\n\n<\/body>\n<\/html>\n\n\n<\/div><\/div><\/div><div class=\"fusion-panel panel-default\"><div class=\"panel-heading\"><h4 class=\"panel-title toggle\"><a data-toggle=\"collapse\" data-parent=\"#accordion-148-1\" data-target=\"#c073ff76c80580958\" href=\"#c073ff76c80580958\"><div class=\"fusion-toggle-icon-wrapper\"><i class=\"fa-fusion-box\"><\/i><\/div><div class=\"fusion-toggle-heading\">Espacio reservado para las diferentes Asociaciones de vecinos del municipio<\/div><\/a><\/h4><\/div><div id=\"c073ff76c80580958\" class=\"panel-collapse collapse \"><div class=\"panel-body toggle-content\">Publicaci\u00f3n para un Espacio reservado para las diferentes Asociaciones de vecinos del municipio.<\/p>\n<p>\n\n\n\n\n<html lang=\"en\">\n<head>\n<meta http-equiv=\"Content-Type\" content=\"text\/html; charset=UTF-8\">\n\t\n<\/head>\n\n\n\n<body>\n\n \n\n\t\t\n\n\t\t\n\t\t\t<script>\n\t\t\tfunction abrir(codigo) { \n\t\t\t\twindow.open (\"https:\/\/sede.ayto-colmenarejo.org\/\/eAdmin\/\/ValidarDocumento.do?id_Documento=\"+codigo+\"&tipo=doc\",\"_blank\",\"toolbar=0,scrollbars=1,location=1,directories=0,status=1,menubar=0,scrollbars=0,resizable=1,width=1000,height=400\"); \n\t\t\t}\t\n\t\t\t<\/script>\n\t\t\t\n\t\t\t<!-- *************  LISTA DE DOCUMENTOS  ************************ -->\n\t\t\t<!-- \n\t\t\t\n\t\t\t -->\n\t\t\t\n\t\t\t\n\t\t\n\n\t\t\n\n\t\t\n\n\n<\/body>\n<\/html>\n\n\n<\/div><\/div><\/div><div class=\"fusion-panel panel-default\"><div class=\"panel-heading\"><h4 class=\"panel-title toggle\"><a data-toggle=\"collapse\" data-parent=\"#accordion-148-1\" data-target=\"#dd528e692952727ae\" href=\"#dd528e692952727ae\"><div class=\"fusion-toggle-icon-wrapper\"><i class=\"fa-fusion-box\"><\/i><\/div><div class=\"fusion-toggle-heading\">Foros de discusi\u00f3n<\/div><\/a><\/h4><\/div><div id=\"dd528e692952727ae\" class=\"panel-collapse collapse \"><div class=\"panel-body toggle-content\">Publicaci\u00f3n de Foros de discusi\u00f3n.<\/p>\n<p>\n\n\n\n\n<html lang=\"en\">\n<head>\n<meta http-equiv=\"Content-Type\" content=\"text\/html; charset=UTF-8\">\n\t\n<\/head>\n\n\n\n<body>\n\n \n\n\t\t\n\t\t\t<!-- *************  CONTENIDO   ********************************* -->\n\t\t\t<p>\n\t\t\t\n\t\t\t<\/p>\n\t\t\n\n\t\t\n\n\t\t\n\n\t\t\n\n\n<\/body>\n<\/html>\n\n\n<\/div><\/div><\/div><\/div><\/div>\n","protected":false},"excerpt":{"rendered":"","protected":false},"author":9,"featured_media":0,"parent":9,"menu_order":0,"comment_status":"open","ping_status":"open","template":"","meta":{"footnotes":""},"_links":{"self":[{"href":"http:\/\/transparencia.ayto-colmenarejo.org\/index.php?rest_route=\/wp\/v2\/pages\/148"}],"collection":[{"href":"http:\/\/transparencia.ayto-colmenarejo.org\/index.php?rest_route=\/wp\/v2\/pages"}],"about":[{"href":"http:\/\/transparencia.ayto-colmenarejo.org\/index.php?rest_route=\/wp\/v2\/types\/page"}],"author":[{"embeddable":true,"href":"http:\/\/transparencia.ayto-colmenarejo.org\/index.php?rest_route=\/wp\/v2\/users\/9"}],"replies":[{"embeddable":true,"href":"http:\/\/transparencia.ayto-colmenarejo.org\/index.php?rest_route=%2Fwp%2Fv2%2Fcomments&post=148"}],"version-history":[{"count":3,"href":"http:\/\/transparencia.ayto-colmenarejo.org\/index.php?rest_route=\/wp\/v2\/pages\/148\/revisions"}],"predecessor-version":[{"id":675,"href":"http:\/\/transparencia.ayto-colmenarejo.org\/index.php?rest_route=\/wp\/v2\/pages\/148\/revisions\/675"}],"up":[{"embeddable":true,"href":"http:\/\/transparencia.ayto-colmenarejo.org\/index.php?rest_route=\/wp\/v2\/pages\/9"}],"wp:attachment":[{"href":"http:\/\/transparencia.ayto-colmenarejo.org\/index.php?rest_route=%2Fwp%2Fv2%2Fmedia&parent=148"}],"curies":[{"name":"wp","href":"https:\/\/api.w.org\/{rel}","templated":true}]}}